{"id":7265,"date":"2026-04-13T18:09:23","date_gmt":"2026-04-13T15:09:23","guid":{"rendered":"https:\/\/muandukeramika.lt\/?post_type=product&#038;p=7265"},"modified":"2026-04-16T16:52:31","modified_gmt":"2026-04-16T13:52:31","slug":"sp-286-margu-neriniu-speckled-old-lace","status":"publish","type":"product","link":"https:\/\/muandukeramika.lt\/en\/product\/sp-286-margu-neriniu-speckled-old-lace\/","title":{"rendered":"SP-286 Marg\u0173 n\u0117rini\u0173 (SPECKLED OLD LACE)"},"content":{"rendered":"","protected":false},"excerpt":{"rendered":"<p>MAYCO SP-286 Speckled Old Lace glaz\u016bra \u017eemoje temperat\u016broje yra gausiai pigmentuota, \u201eStroke &amp; Coat\u00ae\u201c serijos glaz\u016bra su oran\u017einiais, nefrito, geltonais ir m\u0117lynais ta\u0161keliais. Ji gali b\u016bti naudojama tiek dekoratyviniams pot\u0117piams, tiek vientisam padengimui. Vienas sluoksnis sukuria pusiau skaidr\u0173 pavir\u0161i\u0173, o papildomi sluoksniai suteikia sodrumo. Pilnam neskaidrumui rekomenduojama dengti du ar tris sluoksnius. I\u0161dega iki blizgaus pavir\u0161iaus net ir nenaudojant skaidrios glaz\u016bros. Auk\u0161toje temperat\u016broje spalva nesikei\u010dia, ta\u010diau ta\u0161keliai susilieja.<\/p>","protected":false},"featured_media":7269,"comment_status":"open","ping_status":"closed","template":"","meta":{"_uag_custom_page_level_css":"","site-sidebar-layout":"default","site-content-layout":"","ast-site-content-layout":"default","site-content-style":"default","site-sidebar-style":"default","ast-global-header-display":"","ast-banner-title-visibility":"","ast-main-header-display":"","ast-hfb-above-header-display":"","ast-hfb-below-header-display":"","ast-hfb-mobile-header-display":"","site-post-title":"","ast-breadcrumbs-content":"","ast-featured-img":"","footer-sml-layout":"","ast-disable-related-posts":"","theme-transparent-header-meta":"default","adv-header-id-meta":"","stick-header-meta":"","header-above-stick-meta":"","header-main-stick-meta":"","header-below-stick-meta":"","astra-migrate-meta-layouts":"set","ast-page-background-enabled":"default","ast-page-background-meta":{"desktop":{"background-color":"var(--ast-global-color-4)","background-image":"","background-repeat":"repeat","background-position":"center center","background-size":"auto","background-attachment":"scroll","background-type":"","background-media":"","overlay-type":"","overlay-color":"","overlay-opacity":"","overlay-gradient":""},"tablet":{"background-color":"","background-image":"","background-repeat":"repeat","background-position":"center center","background-size":"auto","background-attachment":"scroll","background-type":"","background-media":"","overlay-type":"","overlay-color":"","overlay-opacity":"","overlay-gradient":""},"mobile":{"background-color":"","background-image":"","background-repeat":"repeat","background-position":"center center","background-size":"auto","background-attachment":"scroll","background-type":"","background-media":"","overlay-type":"","overlay-color":"","overlay-opacity":"","overlay-gradient":""}},"ast-content-background-meta":{"desktop":{"background-color":"var(--ast-global-color-5)","background-image":"","background-repeat":"repeat","background-position":"center center","background-size":"auto","background-attachment":"scroll","background-type":"","background-media":"","overlay-type":"","overlay-color":"","overlay-opacity":"","overlay-gradient":""},"tablet":{"background-color":"var(--ast-global-color-5)","background-image":"","background-repeat":"repeat","background-position":"center center","background-size":"auto","background-attachment":"scroll","background-type":"","background-media":"","overlay-type":"","overlay-color":"","overlay-opacity":"","overlay-gradient":""},"mobile":{"background-color":"var(--ast-global-color-5)","background-image":"","background-repeat":"repeat","background-position":"center center","background-size":"auto","background-attachment":"scroll","background-type":"","background-media":"","overlay-type":"","overlay-color":"","overlay-opacity":"","overlay-gradient":""}}},"product_brand":[38],"product_cat":[52,30,48,53],"product_tag":[33],"class_list":{"0":"post-7265","1":"product","2":"type-product","3":"status-publish","4":"has-post-thumbnail","6":"product_brand-mayco","7":"product_cat-temperatura","8":"product_cat-glazuros","9":"product_cat-platus-degimo-spektras","10":"product_cat-produkto-tipas","11":"product_tag-tinka-salyciui-su-maistu","12":"pa_serija-speckled-stroke-and-coat","13":"pa_turis-236-ml","14":"pa_turis-472-ml","15":"desktop-align-center","16":"tablet-align-left","17":"mobile-align-left","19":"first","20":"instock","21":"taxable","22":"shipping-taxable","23":"purchasable","24":"product-type-variable"},"aioseo_notices":[],"uagb_featured_image_src":{"full":["https:\/\/muandukeramika.lt\/wp-content\/uploads\/2026\/04\/MAYCO-SP-286-Speckled-OLD-LACE-glaze-Margu-neriniu-glazura-MUANDU-keramika.jpg",1513,1513,false],"thumbnail":["https:\/\/muandukeramika.lt\/wp-content\/uploads\/2026\/04\/MAYCO-SP-286-Speckled-OLD-LACE-glaze-Margu-neriniu-glazura-MUANDU-keramika-150x150.jpg",150,150,true],"medium":["https:\/\/muandukeramika.lt\/wp-content\/uploads\/2026\/04\/MAYCO-SP-286-Speckled-OLD-LACE-glaze-Margu-neriniu-glazura-MUANDU-keramika-300x300.jpg",300,300,true],"medium_large":["https:\/\/muandukeramika.lt\/wp-content\/uploads\/2026\/04\/MAYCO-SP-286-Speckled-OLD-LACE-glaze-Margu-neriniu-glazura-MUANDU-keramika-768x768.jpg",768,768,true],"large":["https:\/\/muandukeramika.lt\/wp-content\/uploads\/2026\/04\/MAYCO-SP-286-Speckled-OLD-LACE-glaze-Margu-neriniu-glazura-MUANDU-keramika-1024x1024.jpg",1024,1024,true],"1536x1536":["https:\/\/muandukeramika.lt\/wp-content\/uploads\/2026\/04\/MAYCO-SP-286-Speckled-OLD-LACE-glaze-Margu-neriniu-glazura-MUANDU-keramika.jpg",1513,1513,false],"2048x2048":["https:\/\/muandukeramika.lt\/wp-content\/uploads\/2026\/04\/MAYCO-SP-286-Speckled-OLD-LACE-glaze-Margu-neriniu-glazura-MUANDU-keramika.jpg",1513,1513,false],"trp-custom-language-flag":["https:\/\/muandukeramika.lt\/wp-content\/uploads\/2026\/04\/MAYCO-SP-286-Speckled-OLD-LACE-glaze-Margu-neriniu-glazura-MUANDU-keramika-12x12.jpg",12,12,true],"woocommerce_thumbnail":["https:\/\/muandukeramika.lt\/wp-content\/uploads\/2026\/04\/MAYCO-SP-286-Speckled-OLD-LACE-glaze-Margu-neriniu-glazura-MUANDU-keramika-300x300.jpg",300,300,true],"woocommerce_single":["https:\/\/muandukeramika.lt\/wp-content\/uploads\/2026\/04\/MAYCO-SP-286-Speckled-OLD-LACE-glaze-Margu-neriniu-glazura-MUANDU-keramika-600x600.jpg",600,600,true],"woocommerce_gallery_thumbnail":["https:\/\/muandukeramika.lt\/wp-content\/uploads\/2026\/04\/MAYCO-SP-286-Speckled-OLD-LACE-glaze-Margu-neriniu-glazura-MUANDU-keramika-100x100.jpg",100,100,true],"dgwt-wcas-product-suggestion":["https:\/\/muandukeramika.lt\/wp-content\/uploads\/2026\/04\/MAYCO-SP-286-Speckled-OLD-LACE-glaze-Margu-neriniu-glazura-MUANDU-keramika-64x64.jpg",64,64,true]},"uagb_author_info":{"display_name":"Mykolas","author_link":"https:\/\/muandukeramika.lt\/en\/author\/"},"uagb_comment_info":0,"uagb_excerpt":"MAYCO SP-286 Speckled Old Lace glaz\u016bra \u017eemoje temperat\u016broje yra gausiai pigmentuota, \u201eStroke &amp; Coat\u00ae\u201c serijos glaz\u016bra su oran\u017einiais, nefrito, geltonais ir m\u0117lynais ta\u0161keliais. Ji gali b\u016bti naudojama tiek dekoratyviniams pot\u0117piams, tiek vientisam padengimui. Vienas sluoksnis sukuria pusiau skaidr\u0173 pavir\u0161i\u0173, o papildomi sluoksniai suteikia sodrumo. Pilnam neskaidrumui rekomenduojama dengti du ar tris sluoksnius. I\u0161dega iki blizgaus&hellip;","_links":{"self":[{"href":"https:\/\/muandukeramika.lt\/en\/wp-json\/wp\/v2\/product\/7265","targetHints":{"allow":["GET"]}}],"collection":[{"href":"https:\/\/muandukeramika.lt\/en\/wp-json\/wp\/v2\/product"}],"about":[{"href":"https:\/\/muandukeramika.lt\/en\/wp-json\/wp\/v2\/types\/product"}],"replies":[{"embeddable":true,"href":"https:\/\/muandukeramika.lt\/en\/wp-json\/wp\/v2\/comments?post=7265"}],"wp:featuredmedia":[{"embeddable":true,"href":"https:\/\/muandukeramika.lt\/en\/wp-json\/wp\/v2\/media\/7269"}],"wp:attachment":[{"href":"https:\/\/muandukeramika.lt\/en\/wp-json\/wp\/v2\/media?parent=7265"}],"wp:term":[{"taxonomy":"product_brand","embeddable":true,"href":"https:\/\/muandukeramika.lt\/en\/wp-json\/wp\/v2\/product_brand?post=7265"},{"taxonomy":"product_cat","embeddable":true,"href":"https:\/\/muandukeramika.lt\/en\/wp-json\/wp\/v2\/product_cat?post=7265"},{"taxonomy":"product_tag","embeddable":true,"href":"https:\/\/muandukeramika.lt\/en\/wp-json\/wp\/v2\/product_tag?post=7265"}],"curies":[{"name":"wp","href":"https:\/\/api.w.org\/{rel}","templated":true}]}}