{"id":7002,"date":"2026-04-02T22:09:57","date_gmt":"2026-04-02T19:09:57","guid":{"rendered":"https:\/\/muandukeramika.lt\/?post_type=product&#038;p=7002"},"modified":"2026-04-11T17:48:41","modified_gmt":"2026-04-11T14:48:41","slug":"s-2712-juros-monsoon-seas","status":"publish","type":"product","link":"https:\/\/muandukeramika.lt\/en\/product\/s-2712-juros-monsoon-seas\/","title":{"rendered":"S-2712 J\u016bros (MONSOON SEAS)"},"content":{"rendered":"","protected":false},"excerpt":{"rendered":"<p data-path-to-node=\"3\">Mayco S-2712 Monsoon seas &#8211; yra pusiau skaidri m\u0117lyno pagrindo glaz\u016bra su pilkais ir baltais kristalais, kurie i\u0161silydo bei m\u0117lynais ta\u0161keliais.<\/p>\n<p data-path-to-node=\"4\">Mayco Jungle Gems ceramic glazes are designed to be fired at low temperatures of <span class=\"math-inline\" data-math=\"1050text{\u00b0C}\"><span class=\"katex\"><span class=\"katex-html\" aria-hidden=\"true\"><span class=\"base\"><span class=\"mord\">1050<\/span><span class=\"mord text\"><span class=\"mord\">\u00b0C<\/span><\/span><\/span><\/span><\/span><\/span> , but they can also be fired at higher temperatures.<\/p>\n<h3 class=\"\">Instructions:<\/h3>\n<ul data-path-to-node=\"6\">\n<li>\n<p data-path-to-node=\"6,0,0\"><span class=\"\">To achieve the best results,<\/span><span class=\"\"> it is recommended to apply 2\u20133 coats of glaze<\/span><span class=\"\"> using a flat brush,<\/span><span class=\"\"> allowing each coat to dry before applying the next.<\/span><\/p>\n<\/li>\n<li>\n<p data-path-to-node=\"6,1,0\">Shake the container well before use and stir the glaze frequently, as the crystals naturally settle to the bottom.<\/p>\n<\/li>\n<li>\n<p data-path-to-node=\"6,2,0\">When applying the final coat, you may need to redistribute the crystals to ensure an even effect.<\/p>\n<\/li>\n<li>\n<p data-path-to-node=\"6,3,0\">The placement of the crystals determines where they will 'bloom' during the firing process.<\/p>\n<\/li>\n<\/ul>","protected":false},"featured_media":7004,"comment_status":"open","ping_status":"closed","template":"","meta":{"_uag_custom_page_level_css":"","site-sidebar-layout":"default","site-content-layout":"","ast-site-content-layout":"default","site-content-style":"default","site-sidebar-style":"default","ast-global-header-display":"","ast-banner-title-visibility":"","ast-main-header-display":"","ast-hfb-above-header-display":"","ast-hfb-below-header-display":"","ast-hfb-mobile-header-display":"","site-post-title":"","ast-breadcrumbs-content":"","ast-featured-img":"","footer-sml-layout":"","ast-disable-related-posts":"","theme-transparent-header-meta":"default","adv-header-id-meta":"","stick-header-meta":"","header-above-stick-meta":"","header-main-stick-meta":"","header-below-stick-meta":"","astra-migrate-meta-layouts":"set","ast-page-background-enabled":"default","ast-page-background-meta":{"desktop":{"background-color":"var(--ast-global-color-4)","background-image":"","background-repeat":"repeat","background-position":"center center","background-size":"auto","background-attachment":"scroll","background-type":"","background-media":"","overlay-type":"","overlay-color":"","overlay-opacity":"","overlay-gradient":""},"tablet":{"background-color":"","background-image":"","background-repeat":"repeat","background-position":"center center","background-size":"auto","background-attachment":"scroll","background-type":"","background-media":"","overlay-type":"","overlay-color":"","overlay-opacity":"","overlay-gradient":""},"mobile":{"background-color":"","background-image":"","background-repeat":"repeat","background-position":"center center","background-size":"auto","background-attachment":"scroll","background-type":"","background-media":"","overlay-type":"","overlay-color":"","overlay-opacity":"","overlay-gradient":""}},"ast-content-background-meta":{"desktop":{"background-color":"var(--ast-global-color-5)","background-image":"","background-repeat":"repeat","background-position":"center center","background-size":"auto","background-attachment":"scroll","background-type":"","background-media":"","overlay-type":"","overlay-color":"","overlay-opacity":"","overlay-gradient":""},"tablet":{"background-color":"var(--ast-global-color-5)","background-image":"","background-repeat":"repeat","background-position":"center center","background-size":"auto","background-attachment":"scroll","background-type":"","background-media":"","overlay-type":"","overlay-color":"","overlay-opacity":"","overlay-gradient":""},"mobile":{"background-color":"var(--ast-global-color-5)","background-image":"","background-repeat":"repeat","background-position":"center center","background-size":"auto","background-attachment":"scroll","background-type":"","background-media":"","overlay-type":"","overlay-color":"","overlay-opacity":"","overlay-gradient":""}}},"product_brand":[38],"product_cat":[52,30,48,53],"product_tag":[41],"class_list":{"0":"post-7002","1":"product","2":"type-product","3":"status-publish","4":"has-post-thumbnail","6":"product_brand-mayco","7":"product_cat-temperatura","8":"product_cat-glazuros","9":"product_cat-platus-degimo-spektras","10":"product_cat-produkto-tipas","11":"product_tag-netinka-salyciui-su-maistu","12":"pa_serija-jungle-gems","13":"pa_turis-118-ml","14":"desktop-align-center","15":"tablet-align-left","16":"mobile-align-left","18":"first","19":"instock","20":"taxable","21":"shipping-taxable","22":"purchasable","23":"product-type-simple"},"aioseo_notices":[],"uagb_featured_image_src":{"full":["https:\/\/muandukeramika.lt\/wp-content\/uploads\/2026\/04\/Mayco-S-2712-monsoon-seas-glaze-musonu-juros-glazura-muandu-keramika.jpg",633,633,false],"thumbnail":["https:\/\/muandukeramika.lt\/wp-content\/uploads\/2026\/04\/Mayco-S-2712-monsoon-seas-glaze-musonu-juros-glazura-muandu-keramika-150x150.jpg",150,150,true],"medium":["https:\/\/muandukeramika.lt\/wp-content\/uploads\/2026\/04\/Mayco-S-2712-monsoon-seas-glaze-musonu-juros-glazura-muandu-keramika-300x300.jpg",300,300,true],"medium_large":["https:\/\/muandukeramika.lt\/wp-content\/uploads\/2026\/04\/Mayco-S-2712-monsoon-seas-glaze-musonu-juros-glazura-muandu-keramika.jpg",633,633,false],"large":["https:\/\/muandukeramika.lt\/wp-content\/uploads\/2026\/04\/Mayco-S-2712-monsoon-seas-glaze-musonu-juros-glazura-muandu-keramika.jpg",633,633,false],"1536x1536":["https:\/\/muandukeramika.lt\/wp-content\/uploads\/2026\/04\/Mayco-S-2712-monsoon-seas-glaze-musonu-juros-glazura-muandu-keramika.jpg",633,633,false],"2048x2048":["https:\/\/muandukeramika.lt\/wp-content\/uploads\/2026\/04\/Mayco-S-2712-monsoon-seas-glaze-musonu-juros-glazura-muandu-keramika.jpg",633,633,false],"trp-custom-language-flag":["https:\/\/muandukeramika.lt\/wp-content\/uploads\/2026\/04\/Mayco-S-2712-monsoon-seas-glaze-musonu-juros-glazura-muandu-keramika-12x12.jpg",12,12,true],"woocommerce_thumbnail":["https:\/\/muandukeramika.lt\/wp-content\/uploads\/2026\/04\/Mayco-S-2712-monsoon-seas-glaze-musonu-juros-glazura-muandu-keramika-300x300.jpg",300,300,true],"woocommerce_single":["https:\/\/muandukeramika.lt\/wp-content\/uploads\/2026\/04\/Mayco-S-2712-monsoon-seas-glaze-musonu-juros-glazura-muandu-keramika-600x600.jpg",600,600,true],"woocommerce_gallery_thumbnail":["https:\/\/muandukeramika.lt\/wp-content\/uploads\/2026\/04\/Mayco-S-2712-monsoon-seas-glaze-musonu-juros-glazura-muandu-keramika-100x100.jpg",100,100,true],"dgwt-wcas-product-suggestion":["https:\/\/muandukeramika.lt\/wp-content\/uploads\/2026\/04\/Mayco-S-2712-monsoon-seas-glaze-musonu-juros-glazura-muandu-keramika-64x64.jpg",64,64,true]},"uagb_author_info":{"display_name":"Mykolas","author_link":"https:\/\/muandukeramika.lt\/en\/author\/"},"uagb_comment_info":0,"uagb_excerpt":"Mayco S-2712 Monsoon seas - yra pusiau skaidri m\u0117lyno pagrindo glaz\u016bra su pilkais ir baltais kristalais, kurie i\u0161silydo bei m\u0117lynais ta\u0161keliais. \u201eMayco Jungle Gems\u201c keramin\u0117s glaz\u016bros yra skirtos degti 1050\u00b0C temperat\u016broje, ta\u010diau jas galima degti ir auk\u0161tesn\u0117je temperat\u016broje. Naudojimo instrukcijos: Geriausiems rezultatams pasiekti, tepkite du ar tris tolygius sluoksnius ant degto biskvito, naudodami plok\u0161\u010di\u0105 teptuk\u0105,&hellip;","_links":{"self":[{"href":"https:\/\/muandukeramika.lt\/en\/wp-json\/wp\/v2\/product\/7002","targetHints":{"allow":["GET"]}}],"collection":[{"href":"https:\/\/muandukeramika.lt\/en\/wp-json\/wp\/v2\/product"}],"about":[{"href":"https:\/\/muandukeramika.lt\/en\/wp-json\/wp\/v2\/types\/product"}],"replies":[{"embeddable":true,"href":"https:\/\/muandukeramika.lt\/en\/wp-json\/wp\/v2\/comments?post=7002"}],"wp:featuredmedia":[{"embeddable":true,"href":"https:\/\/muandukeramika.lt\/en\/wp-json\/wp\/v2\/media\/7004"}],"wp:attachment":[{"href":"https:\/\/muandukeramika.lt\/en\/wp-json\/wp\/v2\/media?parent=7002"}],"wp:term":[{"taxonomy":"product_brand","embeddable":true,"href":"https:\/\/muandukeramika.lt\/en\/wp-json\/wp\/v2\/product_brand?post=7002"},{"taxonomy":"product_cat","embeddable":true,"href":"https:\/\/muandukeramika.lt\/en\/wp-json\/wp\/v2\/product_cat?post=7002"},{"taxonomy":"product_tag","embeddable":true,"href":"https:\/\/muandukeramika.lt\/en\/wp-json\/wp\/v2\/product_tag?post=7002"}],"curies":[{"name":"wp","href":"https:\/\/api.w.org\/{rel}","templated":true}]}}