{"id":6431,"date":"2026-03-04T16:25:58","date_gmt":"2026-03-04T13:25:58","guid":{"rendered":"https:\/\/muandukeramika.lt\/?post_type=product&#038;p=6431"},"modified":"2026-04-14T12:14:28","modified_gmt":"2026-04-14T09:14:28","slug":"hss-109-juodos-galaktikos-galaxy-black","status":"publish","type":"product","link":"https:\/\/muandukeramika.lt\/en\/product\/hss-109-juodos-galaktikos-galaxy-black\/","title":{"rendered":"HSS-109 &#8211; Juodos galaktikos (GALAXY BLACK)"},"content":{"rendered":"","protected":false},"excerpt":{"rendered":"<p data-path-to-node=\"3\"><b class=\"\" data-path-to-node=\"3\" data-index-in-node=\"1\">Colorobbia Fairy Dust HSS-109 BLACK GALAXY &#8211; <\/b><span class=\"\">\u00a0sukurkite kerint\u012f spindes\u012f savo darbuose:<\/span><span class=\"\"> vos 1\u20133 sluoksniai <\/span><i class=\"\" data-path-to-node=\"3\" data-index-in-node=\"106\">Fairy Dust <\/i><span class=\"\">suteiks ry\u0161k\u0173,<\/span><span class=\"\"> blizgant\u012f u\u017ebaigim\u0105.<\/span><span class=\"\"> \u0160i\u0105 priemon\u0119 galima tepti tiesiai ant <\/span><i class=\"\" data-path-to-node=\"3\" data-index-in-node=\"191\">Bellissimo<\/i><span class=\"\"> glaz\u016br\u0173.<\/span><span class=\"\"> Neb\u016btina \u0161ios glaz\u016bros dengti skaidria glaz\u016bra ant vir\u0161aus.<\/span><\/p>\n<p data-path-to-node=\"4\"><b class=\"\" data-path-to-node=\"4\" data-index-in-node=\"0\">Naudojimo patarimas:<\/b><span class=\"\"> \u0160ioje glaz\u016broje esantys blizgu\u010diai labai lengvai limpa prie visko,<\/span><span class=\"\"> tod\u0117l rekomenduojame naudoti atskirus teptukus,<\/span><span class=\"\"> kad kitos j\u016bs\u0173 glaz\u016bros i\u0161likt\u0173 be nepageidaujamo spindesio.<\/span><\/p>","protected":false},"featured_media":6432,"comment_status":"closed","ping_status":"closed","template":"","meta":{"_uag_custom_page_level_css":"","site-sidebar-layout":"default","site-content-layout":"","ast-site-content-layout":"default","site-content-style":"default","site-sidebar-style":"default","ast-global-header-display":"","ast-banner-title-visibility":"","ast-main-header-display":"","ast-hfb-above-header-display":"","ast-hfb-below-header-display":"","ast-hfb-mobile-header-display":"","site-post-title":"","ast-breadcrumbs-content":"","ast-featured-img":"","footer-sml-layout":"","ast-disable-related-posts":"","theme-transparent-header-meta":"default","adv-header-id-meta":"","stick-header-meta":"","header-above-stick-meta":"","header-main-stick-meta":"","header-below-stick-meta":"","astra-migrate-meta-layouts":"set","ast-page-background-enabled":"default","ast-page-background-meta":{"desktop":{"background-color":"var(--ast-global-color-4)","background-image":"","background-repeat":"repeat","background-position":"center center","background-size":"auto","background-attachment":"scroll","background-type":"","background-media":"","overlay-type":"","overlay-color":"","overlay-opacity":"","overlay-gradient":""},"tablet":{"background-color":"","background-image":"","background-repeat":"repeat","background-position":"center center","background-size":"auto","background-attachment":"scroll","background-type":"","background-media":"","overlay-type":"","overlay-color":"","overlay-opacity":"","overlay-gradient":""},"mobile":{"background-color":"","background-image":"","background-repeat":"repeat","background-position":"center center","background-size":"auto","background-attachment":"scroll","background-type":"","background-media":"","overlay-type":"","overlay-color":"","overlay-opacity":"","overlay-gradient":""}},"ast-content-background-meta":{"desktop":{"background-color":"var(--ast-global-color-5)","background-image":"","background-repeat":"repeat","background-position":"center center","background-size":"auto","background-attachment":"scroll","background-type":"","background-media":"","overlay-type":"","overlay-color":"","overlay-opacity":"","overlay-gradient":""},"tablet":{"background-color":"var(--ast-global-color-5)","background-image":"","background-repeat":"repeat","background-position":"center center","background-size":"auto","background-attachment":"scroll","background-type":"","background-media":"","overlay-type":"","overlay-color":"","overlay-opacity":"","overlay-gradient":""},"mobile":{"background-color":"var(--ast-global-color-5)","background-image":"","background-repeat":"repeat","background-position":"center center","background-size":"auto","background-attachment":"scroll","background-type":"","background-media":"","overlay-type":"","overlay-color":"","overlay-opacity":"","overlay-gradient":""}}},"product_brand":[144],"product_cat":[52,30,37],"product_tag":[33],"class_list":{"0":"post-6431","1":"product","2":"type-product","3":"status-publish","4":"has-post-thumbnail","6":"product_brand-colorobbia","7":"product_cat-temperatura","8":"product_cat-glazuros","9":"product_cat-zemo-degimo","10":"product_tag-tinka-salyciui-su-maistu","11":"pa_turis-236-ml","12":"desktop-align-center","13":"tablet-align-left","14":"mobile-align-left","16":"first","17":"instock","18":"taxable","19":"shipping-taxable","20":"purchasable","21":"product-type-simple"},"aioseo_notices":[],"uagb_featured_image_src":{"full":["https:\/\/muandukeramika.lt\/wp-content\/uploads\/2026\/03\/MUANDU-keramika-Colorobbia-HSS109-black-galaxy-glazura.jpg",600,600,false],"thumbnail":["https:\/\/muandukeramika.lt\/wp-content\/uploads\/2026\/03\/MUANDU-keramika-Colorobbia-HSS109-black-galaxy-glazura-150x150.jpg",150,150,true],"medium":["https:\/\/muandukeramika.lt\/wp-content\/uploads\/2026\/03\/MUANDU-keramika-Colorobbia-HSS109-black-galaxy-glazura-300x300.jpg",300,300,true],"medium_large":["https:\/\/muandukeramika.lt\/wp-content\/uploads\/2026\/03\/MUANDU-keramika-Colorobbia-HSS109-black-galaxy-glazura.jpg",600,600,false],"large":["https:\/\/muandukeramika.lt\/wp-content\/uploads\/2026\/03\/MUANDU-keramika-Colorobbia-HSS109-black-galaxy-glazura.jpg",600,600,false],"1536x1536":["https:\/\/muandukeramika.lt\/wp-content\/uploads\/2026\/03\/MUANDU-keramika-Colorobbia-HSS109-black-galaxy-glazura.jpg",600,600,false],"2048x2048":["https:\/\/muandukeramika.lt\/wp-content\/uploads\/2026\/03\/MUANDU-keramika-Colorobbia-HSS109-black-galaxy-glazura.jpg",600,600,false],"trp-custom-language-flag":["https:\/\/muandukeramika.lt\/wp-content\/uploads\/2026\/03\/MUANDU-keramika-Colorobbia-HSS109-black-galaxy-glazura-12x12.jpg",12,12,true],"woocommerce_thumbnail":["https:\/\/muandukeramika.lt\/wp-content\/uploads\/2026\/03\/MUANDU-keramika-Colorobbia-HSS109-black-galaxy-glazura-300x300.jpg",300,300,true],"woocommerce_single":["https:\/\/muandukeramika.lt\/wp-content\/uploads\/2026\/03\/MUANDU-keramika-Colorobbia-HSS109-black-galaxy-glazura.jpg",600,600,false],"woocommerce_gallery_thumbnail":["https:\/\/muandukeramika.lt\/wp-content\/uploads\/2026\/03\/MUANDU-keramika-Colorobbia-HSS109-black-galaxy-glazura-100x100.jpg",100,100,true],"dgwt-wcas-product-suggestion":["https:\/\/muandukeramika.lt\/wp-content\/uploads\/2026\/03\/MUANDU-keramika-Colorobbia-HSS109-black-galaxy-glazura-64x64.jpg",64,64,true]},"uagb_author_info":{"display_name":"Mykolas","author_link":"https:\/\/muandukeramika.lt\/en\/author\/"},"uagb_comment_info":0,"uagb_excerpt":"Colorobbia Fairy Dust HSS-109 BLACK GALAXY - \u00a0sukurkite kerint\u012f spindes\u012f savo darbuose: vos 1\u20133 sluoksniai Fairy Dust suteiks ry\u0161k\u0173, blizgant\u012f u\u017ebaigim\u0105. \u0160i\u0105 priemon\u0119 galima tepti tiesiai ant Bellissimo glaz\u016br\u0173. Neb\u016btina \u0161ios glaz\u016bros dengti skaidria glaz\u016bra ant vir\u0161aus. Naudojimo patarimas: \u0160ioje glaz\u016broje esantys blizgu\u010diai labai lengvai limpa prie visko, tod\u0117l rekomenduojame naudoti atskirus teptukus, kad kitos&hellip;","_links":{"self":[{"href":"https:\/\/muandukeramika.lt\/en\/wp-json\/wp\/v2\/product\/6431","targetHints":{"allow":["GET"]}}],"collection":[{"href":"https:\/\/muandukeramika.lt\/en\/wp-json\/wp\/v2\/product"}],"about":[{"href":"https:\/\/muandukeramika.lt\/en\/wp-json\/wp\/v2\/types\/product"}],"replies":[{"embeddable":true,"href":"https:\/\/muandukeramika.lt\/en\/wp-json\/wp\/v2\/comments?post=6431"}],"wp:featuredmedia":[{"embeddable":true,"href":"https:\/\/muandukeramika.lt\/en\/wp-json\/wp\/v2\/media\/6432"}],"wp:attachment":[{"href":"https:\/\/muandukeramika.lt\/en\/wp-json\/wp\/v2\/media?parent=6431"}],"wp:term":[{"taxonomy":"product_brand","embeddable":true,"href":"https:\/\/muandukeramika.lt\/en\/wp-json\/wp\/v2\/product_brand?post=6431"},{"taxonomy":"product_cat","embeddable":true,"href":"https:\/\/muandukeramika.lt\/en\/wp-json\/wp\/v2\/product_cat?post=6431"},{"taxonomy":"product_tag","embeddable":true,"href":"https:\/\/muandukeramika.lt\/en\/wp-json\/wp\/v2\/product_tag?post=6431"}],"curies":[{"name":"wp","href":"https:\/\/api.w.org\/{rel}","templated":true}]}}