{"id":5670,"date":"2025-11-25T18:06:09","date_gmt":"2025-11-25T15:06:09","guid":{"rendered":"https:\/\/muandukeramika.lt\/?post_type=product&#038;p=5670"},"modified":"2026-03-25T11:08:34","modified_gmt":"2026-03-25T08:08:34","slug":"sw-152-melynu-tasku-blue-splatterware-stoneware","status":"publish","type":"product","link":"https:\/\/muandukeramika.lt\/en\/product\/sw-152-melynu-tasku-blue-splatterware-stoneware\/","title":{"rendered":"SW-152 BLUE SPLATTERWARE GLAZE"},"content":{"rendered":"","protected":false},"excerpt":{"rendered":"<p>Mayco SW-152 Blue Splatterware glaze, when fired at 1240\u00b0C, takes on a white, semi-matte color with cobalt-colored specks. As the firing temperature increases, the cobalt specks begin to dominate.<\/p>","protected":false},"featured_media":3941,"comment_status":"open","ping_status":"closed","template":"","meta":{"_uag_custom_page_level_css":"","site-sidebar-layout":"default","site-content-layout":"","ast-site-content-layout":"default","site-content-style":"default","site-sidebar-style":"default","ast-global-header-display":"","ast-banner-title-visibility":"","ast-main-header-display":"","ast-hfb-above-header-display":"","ast-hfb-below-header-display":"","ast-hfb-mobile-header-display":"","site-post-title":"","ast-breadcrumbs-content":"","ast-featured-img":"","footer-sml-layout":"","ast-disable-related-posts":"","theme-transparent-header-meta":"default","adv-header-id-meta":"","stick-header-meta":"","header-above-stick-meta":"","header-main-stick-meta":"","header-below-stick-meta":"","astra-migrate-meta-layouts":"set","ast-page-background-enabled":"default","ast-page-background-meta":{"desktop":{"background-color":"var(--ast-global-color-4)","background-image":"","background-repeat":"repeat","background-position":"center center","background-size":"auto","background-attachment":"scroll","background-type":"","background-media":"","overlay-type":"","overlay-color":"","overlay-opacity":"","overlay-gradient":""},"tablet":{"background-color":"","background-image":"","background-repeat":"repeat","background-position":"center center","background-size":"auto","background-attachment":"scroll","background-type":"","background-media":"","overlay-type":"","overlay-color":"","overlay-opacity":"","overlay-gradient":""},"mobile":{"background-color":"","background-image":"","background-repeat":"repeat","background-position":"center center","background-size":"auto","background-attachment":"scroll","background-type":"","background-media":"","overlay-type":"","overlay-color":"","overlay-opacity":"","overlay-gradient":""}},"ast-content-background-meta":{"desktop":{"background-color":"var(--ast-global-color-5)","background-image":"","background-repeat":"repeat","background-position":"center center","background-size":"auto","background-attachment":"scroll","background-type":"","background-media":"","overlay-type":"","overlay-color":"","overlay-opacity":"","overlay-gradient":""},"tablet":{"background-color":"var(--ast-global-color-5)","background-image":"","background-repeat":"repeat","background-position":"center center","background-size":"auto","background-attachment":"scroll","background-type":"","background-media":"","overlay-type":"","overlay-color":"","overlay-opacity":"","overlay-gradient":""},"mobile":{"background-color":"var(--ast-global-color-5)","background-image":"","background-repeat":"repeat","background-position":"center center","background-size":"auto","background-attachment":"scroll","background-type":"","background-media":"","overlay-type":"","overlay-color":"","overlay-opacity":"","overlay-gradient":""}}},"product_brand":[38],"product_cat":[47,52,30,53],"product_tag":[33],"class_list":{"0":"post-5670","1":"product","2":"type-product","3":"status-publish","4":"has-post-thumbnail","6":"product_brand-mayco","7":"product_cat-auksto-degimo","8":"product_cat-temperatura","9":"product_cat-glazuros","10":"product_cat-produkto-tipas","11":"product_tag-tinka-salyciui-su-maistu","12":"pa_serija-stoneware","13":"pa_turis-472-ml","14":"desktop-align-center","15":"tablet-align-left","16":"mobile-align-left","18":"first","19":"instock","20":"taxable","21":"shipping-taxable","22":"purchasable","23":"product-type-simple"},"aioseo_notices":[],"uagb_featured_image_src":{"full":["https:\/\/muandukeramika.lt\/wp-content\/uploads\/2025\/06\/MUANDUKERAMIKA-Mayco-glazura-sw-152.jpg",633,633,false],"thumbnail":["https:\/\/muandukeramika.lt\/wp-content\/uploads\/2025\/06\/MUANDUKERAMIKA-Mayco-glazura-sw-152-150x150.jpg",150,150,true],"medium":["https:\/\/muandukeramika.lt\/wp-content\/uploads\/2025\/06\/MUANDUKERAMIKA-Mayco-glazura-sw-152-300x300.jpg",300,300,true],"medium_large":["https:\/\/muandukeramika.lt\/wp-content\/uploads\/2025\/06\/MUANDUKERAMIKA-Mayco-glazura-sw-152.jpg",633,633,false],"large":["https:\/\/muandukeramika.lt\/wp-content\/uploads\/2025\/06\/MUANDUKERAMIKA-Mayco-glazura-sw-152.jpg",633,633,false],"1536x1536":["https:\/\/muandukeramika.lt\/wp-content\/uploads\/2025\/06\/MUANDUKERAMIKA-Mayco-glazura-sw-152.jpg",633,633,false],"2048x2048":["https:\/\/muandukeramika.lt\/wp-content\/uploads\/2025\/06\/MUANDUKERAMIKA-Mayco-glazura-sw-152.jpg",633,633,false],"trp-custom-language-flag":["https:\/\/muandukeramika.lt\/wp-content\/uploads\/2025\/06\/MUANDUKERAMIKA-Mayco-glazura-sw-152.jpg",12,12,false],"woocommerce_thumbnail":["https:\/\/muandukeramika.lt\/wp-content\/uploads\/2025\/06\/MUANDUKERAMIKA-Mayco-glazura-sw-152-300x300.jpg",300,300,true],"woocommerce_single":["https:\/\/muandukeramika.lt\/wp-content\/uploads\/2025\/06\/MUANDUKERAMIKA-Mayco-glazura-sw-152-600x600.jpg",600,600,true],"woocommerce_gallery_thumbnail":["https:\/\/muandukeramika.lt\/wp-content\/uploads\/2025\/06\/MUANDUKERAMIKA-Mayco-glazura-sw-152-100x100.jpg",100,100,true],"dgwt-wcas-product-suggestion":["https:\/\/muandukeramika.lt\/wp-content\/uploads\/2025\/06\/MUANDUKERAMIKA-Mayco-glazura-sw-152.jpg",64,64,false]},"uagb_author_info":{"display_name":"Mykolas","author_link":"https:\/\/muandukeramika.lt\/en\/author\/"},"uagb_comment_info":0,"uagb_excerpt":"Mayco SW-152 Blue Splatterware glaz\u016bra, degama 1240\u00b0C temperat\u016broje, \u012fgauna balt\u0105, pusiau matin\u0119 spalv\u0105 su kobalto spalvos ta\u0161keliais. Kylant degimo temperat\u016brai, kobalto ta\u0161keliai pradeda dominuoti.","_links":{"self":[{"href":"https:\/\/muandukeramika.lt\/en\/wp-json\/wp\/v2\/product\/5670","targetHints":{"allow":["GET"]}}],"collection":[{"href":"https:\/\/muandukeramika.lt\/en\/wp-json\/wp\/v2\/product"}],"about":[{"href":"https:\/\/muandukeramika.lt\/en\/wp-json\/wp\/v2\/types\/product"}],"replies":[{"embeddable":true,"href":"https:\/\/muandukeramika.lt\/en\/wp-json\/wp\/v2\/comments?post=5670"}],"wp:featuredmedia":[{"embeddable":true,"href":"https:\/\/muandukeramika.lt\/en\/wp-json\/wp\/v2\/media\/3941"}],"wp:attachment":[{"href":"https:\/\/muandukeramika.lt\/en\/wp-json\/wp\/v2\/media?parent=5670"}],"wp:term":[{"taxonomy":"product_brand","embeddable":true,"href":"https:\/\/muandukeramika.lt\/en\/wp-json\/wp\/v2\/product_brand?post=5670"},{"taxonomy":"product_cat","embeddable":true,"href":"https:\/\/muandukeramika.lt\/en\/wp-json\/wp\/v2\/product_cat?post=5670"},{"taxonomy":"product_tag","embeddable":true,"href":"https:\/\/muandukeramika.lt\/en\/wp-json\/wp\/v2\/product_tag?post=5670"}],"curies":[{"name":"wp","href":"https:\/\/api.w.org\/{rel}","templated":true}]}}