{"id":5608,"date":"2025-11-21T14:23:29","date_gmt":"2025-11-21T11:23:29","guid":{"rendered":"https:\/\/muandukeramika.lt\/?post_type=product&#038;p=5608"},"modified":"2026-04-03T13:55:02","modified_gmt":"2026-04-03T10:55:02","slug":"sc-28-melynos-salos-blue-isle","status":"publish","type":"product","link":"https:\/\/muandukeramika.lt\/en\/product\/sc-28-melynos-salos-blue-isle\/","title":{"rendered":"SC-28 \u2013 BLUE ISLE GLAZE"},"content":{"rendered":"","protected":false},"excerpt":{"rendered":"<p>Mayco SC-28 Blue Sky glaze, when fired at low temperatures, produces a turquoise color that becomes transparent and slightly pale as the firing temperature increases.<\/p>","protected":false},"featured_media":3752,"comment_status":"open","ping_status":"closed","template":"","meta":{"_uag_custom_page_level_css":"","site-sidebar-layout":"default","site-content-layout":"","ast-site-content-layout":"default","site-content-style":"default","site-sidebar-style":"default","ast-global-header-display":"","ast-banner-title-visibility":"","ast-main-header-display":"","ast-hfb-above-header-display":"","ast-hfb-below-header-display":"","ast-hfb-mobile-header-display":"","site-post-title":"","ast-breadcrumbs-content":"","ast-featured-img":"","footer-sml-layout":"","ast-disable-related-posts":"","theme-transparent-header-meta":"default","adv-header-id-meta":"","stick-header-meta":"","header-above-stick-meta":"","header-main-stick-meta":"","header-below-stick-meta":"","astra-migrate-meta-layouts":"set","ast-page-background-enabled":"default","ast-page-background-meta":{"desktop":{"background-color":"var(--ast-global-color-4)","background-image":"","background-repeat":"repeat","background-position":"center center","background-size":"auto","background-attachment":"scroll","background-type":"","background-media":"","overlay-type":"","overlay-color":"","overlay-opacity":"","overlay-gradient":""},"tablet":{"background-color":"","background-image":"","background-repeat":"repeat","background-position":"center center","background-size":"auto","background-attachment":"scroll","background-type":"","background-media":"","overlay-type":"","overlay-color":"","overlay-opacity":"","overlay-gradient":""},"mobile":{"background-color":"","background-image":"","background-repeat":"repeat","background-position":"center center","background-size":"auto","background-attachment":"scroll","background-type":"","background-media":"","overlay-type":"","overlay-color":"","overlay-opacity":"","overlay-gradient":""}},"ast-content-background-meta":{"desktop":{"background-color":"var(--ast-global-color-5)","background-image":"","background-repeat":"repeat","background-position":"center center","background-size":"auto","background-attachment":"scroll","background-type":"","background-media":"","overlay-type":"","overlay-color":"","overlay-opacity":"","overlay-gradient":""},"tablet":{"background-color":"var(--ast-global-color-5)","background-image":"","background-repeat":"repeat","background-position":"center center","background-size":"auto","background-attachment":"scroll","background-type":"","background-media":"","overlay-type":"","overlay-color":"","overlay-opacity":"","overlay-gradient":""},"mobile":{"background-color":"var(--ast-global-color-5)","background-image":"","background-repeat":"repeat","background-position":"center center","background-size":"auto","background-attachment":"scroll","background-type":"","background-media":"","overlay-type":"","overlay-color":"","overlay-opacity":"","overlay-gradient":""}}},"product_brand":[38],"product_cat":[52,30,48,53],"product_tag":[33],"class_list":{"0":"post-5608","1":"product","2":"type-product","3":"status-publish","4":"has-post-thumbnail","6":"product_brand-mayco","7":"product_cat-temperatura","8":"product_cat-glazuros","9":"product_cat-platus-degimo-spektras","10":"product_cat-produkto-tipas","11":"product_tag-tinka-salyciui-su-maistu","12":"pa_serija-stroke-and-coat","13":"pa_turis-472-ml","14":"desktop-align-center","15":"tablet-align-left","16":"mobile-align-left","18":"first","19":"instock","20":"taxable","21":"shipping-taxable","22":"purchasable","23":"product-type-simple"},"aioseo_notices":[],"uagb_featured_image_src":{"full":["https:\/\/muandukeramika.lt\/wp-content\/uploads\/2025\/06\/MUANDUKERAMIKA-Mayco-glazura-sc-28.jpg",633,633,false],"thumbnail":["https:\/\/muandukeramika.lt\/wp-content\/uploads\/2025\/06\/MUANDUKERAMIKA-Mayco-glazura-sc-28-150x150.jpg",150,150,true],"medium":["https:\/\/muandukeramika.lt\/wp-content\/uploads\/2025\/06\/MUANDUKERAMIKA-Mayco-glazura-sc-28-300x300.jpg",300,300,true],"medium_large":["https:\/\/muandukeramika.lt\/wp-content\/uploads\/2025\/06\/MUANDUKERAMIKA-Mayco-glazura-sc-28.jpg",633,633,false],"large":["https:\/\/muandukeramika.lt\/wp-content\/uploads\/2025\/06\/MUANDUKERAMIKA-Mayco-glazura-sc-28.jpg",633,633,false],"1536x1536":["https:\/\/muandukeramika.lt\/wp-content\/uploads\/2025\/06\/MUANDUKERAMIKA-Mayco-glazura-sc-28.jpg",633,633,false],"2048x2048":["https:\/\/muandukeramika.lt\/wp-content\/uploads\/2025\/06\/MUANDUKERAMIKA-Mayco-glazura-sc-28.jpg",633,633,false],"trp-custom-language-flag":["https:\/\/muandukeramika.lt\/wp-content\/uploads\/2025\/06\/MUANDUKERAMIKA-Mayco-glazura-sc-28.jpg",12,12,false],"woocommerce_thumbnail":["https:\/\/muandukeramika.lt\/wp-content\/uploads\/2025\/06\/MUANDUKERAMIKA-Mayco-glazura-sc-28-300x300.jpg",300,300,true],"woocommerce_single":["https:\/\/muandukeramika.lt\/wp-content\/uploads\/2025\/06\/MUANDUKERAMIKA-Mayco-glazura-sc-28-600x600.jpg",600,600,true],"woocommerce_gallery_thumbnail":["https:\/\/muandukeramika.lt\/wp-content\/uploads\/2025\/06\/MUANDUKERAMIKA-Mayco-glazura-sc-28-100x100.jpg",100,100,true],"dgwt-wcas-product-suggestion":["https:\/\/muandukeramika.lt\/wp-content\/uploads\/2025\/06\/MUANDUKERAMIKA-Mayco-glazura-sc-28.jpg",64,64,false]},"uagb_author_info":{"display_name":"Mykolas","author_link":"https:\/\/muandukeramika.lt\/en\/author\/"},"uagb_comment_info":0,"uagb_excerpt":"Mayco SC-28 Blue Sky glaz\u016bra, degama \u017eemoje temperat\u016broje, suteikia turkio spalv\u0105, kuri tampa permatoma ir \u0161iek tiek bly\u0161ki kylant degimo temperat\u016brai.","_links":{"self":[{"href":"https:\/\/muandukeramika.lt\/en\/wp-json\/wp\/v2\/product\/5608","targetHints":{"allow":["GET"]}}],"collection":[{"href":"https:\/\/muandukeramika.lt\/en\/wp-json\/wp\/v2\/product"}],"about":[{"href":"https:\/\/muandukeramika.lt\/en\/wp-json\/wp\/v2\/types\/product"}],"replies":[{"embeddable":true,"href":"https:\/\/muandukeramika.lt\/en\/wp-json\/wp\/v2\/comments?post=5608"}],"wp:featuredmedia":[{"embeddable":true,"href":"https:\/\/muandukeramika.lt\/en\/wp-json\/wp\/v2\/media\/3752"}],"wp:attachment":[{"href":"https:\/\/muandukeramika.lt\/en\/wp-json\/wp\/v2\/media?parent=5608"}],"wp:term":[{"taxonomy":"product_brand","embeddable":true,"href":"https:\/\/muandukeramika.lt\/en\/wp-json\/wp\/v2\/product_brand?post=5608"},{"taxonomy":"product_cat","embeddable":true,"href":"https:\/\/muandukeramika.lt\/en\/wp-json\/wp\/v2\/product_cat?post=5608"},{"taxonomy":"product_tag","embeddable":true,"href":"https:\/\/muandukeramika.lt\/en\/wp-json\/wp\/v2\/product_tag?post=5608"}],"curies":[{"name":"wp","href":"https:\/\/api.w.org\/{rel}","templated":true}]}}