{"id":5607,"date":"2025-11-21T14:23:28","date_gmt":"2025-11-21T11:23:28","guid":{"rendered":"https:\/\/muandukeramika.lt\/?post_type=product&#038;p=5607"},"modified":"2026-04-03T13:55:20","modified_gmt":"2026-04-03T10:55:20","slug":"sc-29-melynos-zoles-blue-grass","status":"publish","type":"product","link":"https:\/\/muandukeramika.lt\/en\/product\/sc-29-melynos-zoles-blue-grass\/","title":{"rendered":"SC-29 \u2013 BLUE GRASS GLAZE"},"content":{"rendered":"","protected":false},"excerpt":{"rendered":"<p>Mayco SC-29 Blue Grass ceramic glaze, when fired at low temperatures, produces a dark bluish-green color that fades slightly as the firing temperature increases.<\/p>","protected":false},"featured_media":3753,"comment_status":"open","ping_status":"closed","template":"","meta":{"_uag_custom_page_level_css":"","site-sidebar-layout":"default","site-content-layout":"","ast-site-content-layout":"default","site-content-style":"default","site-sidebar-style":"default","ast-global-header-display":"","ast-banner-title-visibility":"","ast-main-header-display":"","ast-hfb-above-header-display":"","ast-hfb-below-header-display":"","ast-hfb-mobile-header-display":"","site-post-title":"","ast-breadcrumbs-content":"","ast-featured-img":"","footer-sml-layout":"","ast-disable-related-posts":"","theme-transparent-header-meta":"default","adv-header-id-meta":"","stick-header-meta":"","header-above-stick-meta":"","header-main-stick-meta":"","header-below-stick-meta":"","astra-migrate-meta-layouts":"set","ast-page-background-enabled":"default","ast-page-background-meta":{"desktop":{"background-color":"var(--ast-global-color-4)","background-image":"","background-repeat":"repeat","background-position":"center center","background-size":"auto","background-attachment":"scroll","background-type":"","background-media":"","overlay-type":"","overlay-color":"","overlay-opacity":"","overlay-gradient":""},"tablet":{"background-color":"","background-image":"","background-repeat":"repeat","background-position":"center center","background-size":"auto","background-attachment":"scroll","background-type":"","background-media":"","overlay-type":"","overlay-color":"","overlay-opacity":"","overlay-gradient":""},"mobile":{"background-color":"","background-image":"","background-repeat":"repeat","background-position":"center center","background-size":"auto","background-attachment":"scroll","background-type":"","background-media":"","overlay-type":"","overlay-color":"","overlay-opacity":"","overlay-gradient":""}},"ast-content-background-meta":{"desktop":{"background-color":"var(--ast-global-color-5)","background-image":"","background-repeat":"repeat","background-position":"center center","background-size":"auto","background-attachment":"scroll","background-type":"","background-media":"","overlay-type":"","overlay-color":"","overlay-opacity":"","overlay-gradient":""},"tablet":{"background-color":"var(--ast-global-color-5)","background-image":"","background-repeat":"repeat","background-position":"center center","background-size":"auto","background-attachment":"scroll","background-type":"","background-media":"","overlay-type":"","overlay-color":"","overlay-opacity":"","overlay-gradient":""},"mobile":{"background-color":"var(--ast-global-color-5)","background-image":"","background-repeat":"repeat","background-position":"center center","background-size":"auto","background-attachment":"scroll","background-type":"","background-media":"","overlay-type":"","overlay-color":"","overlay-opacity":"","overlay-gradient":""}}},"product_brand":[38],"product_cat":[52,30,48,53],"product_tag":[33],"class_list":{"0":"post-5607","1":"product","2":"type-product","3":"status-publish","4":"has-post-thumbnail","6":"product_brand-mayco","7":"product_cat-temperatura","8":"product_cat-glazuros","9":"product_cat-platus-degimo-spektras","10":"product_cat-produkto-tipas","11":"product_tag-tinka-salyciui-su-maistu","12":"pa_serija-stroke-and-coat","13":"pa_turis-472-ml","14":"desktop-align-center","15":"tablet-align-left","16":"mobile-align-left","18":"first","19":"instock","20":"taxable","21":"shipping-taxable","22":"purchasable","23":"product-type-simple"},"aioseo_notices":[],"uagb_featured_image_src":{"full":["https:\/\/muandukeramika.lt\/wp-content\/uploads\/2025\/06\/MUANDUKERAMIKA-Mayco-glazura-sc-29.jpg",633,633,false],"thumbnail":["https:\/\/muandukeramika.lt\/wp-content\/uploads\/2025\/06\/MUANDUKERAMIKA-Mayco-glazura-sc-29-150x150.jpg",150,150,true],"medium":["https:\/\/muandukeramika.lt\/wp-content\/uploads\/2025\/06\/MUANDUKERAMIKA-Mayco-glazura-sc-29-300x300.jpg",300,300,true],"medium_large":["https:\/\/muandukeramika.lt\/wp-content\/uploads\/2025\/06\/MUANDUKERAMIKA-Mayco-glazura-sc-29.jpg",633,633,false],"large":["https:\/\/muandukeramika.lt\/wp-content\/uploads\/2025\/06\/MUANDUKERAMIKA-Mayco-glazura-sc-29.jpg",633,633,false],"1536x1536":["https:\/\/muandukeramika.lt\/wp-content\/uploads\/2025\/06\/MUANDUKERAMIKA-Mayco-glazura-sc-29.jpg",633,633,false],"2048x2048":["https:\/\/muandukeramika.lt\/wp-content\/uploads\/2025\/06\/MUANDUKERAMIKA-Mayco-glazura-sc-29.jpg",633,633,false],"trp-custom-language-flag":["https:\/\/muandukeramika.lt\/wp-content\/uploads\/2025\/06\/MUANDUKERAMIKA-Mayco-glazura-sc-29.jpg",12,12,false],"woocommerce_thumbnail":["https:\/\/muandukeramika.lt\/wp-content\/uploads\/2025\/06\/MUANDUKERAMIKA-Mayco-glazura-sc-29-300x300.jpg",300,300,true],"woocommerce_single":["https:\/\/muandukeramika.lt\/wp-content\/uploads\/2025\/06\/MUANDUKERAMIKA-Mayco-glazura-sc-29-600x600.jpg",600,600,true],"woocommerce_gallery_thumbnail":["https:\/\/muandukeramika.lt\/wp-content\/uploads\/2025\/06\/MUANDUKERAMIKA-Mayco-glazura-sc-29-100x100.jpg",100,100,true],"dgwt-wcas-product-suggestion":["https:\/\/muandukeramika.lt\/wp-content\/uploads\/2025\/06\/MUANDUKERAMIKA-Mayco-glazura-sc-29.jpg",64,64,false]},"uagb_author_info":{"display_name":"Mykolas","author_link":"https:\/\/muandukeramika.lt\/en\/author\/"},"uagb_comment_info":0,"uagb_excerpt":"Mayco SC-29 Blue Grass keramin\u0117 glaz\u016bra, degama \u017eemoje temperat\u016broje, suteikia tamsi\u0105, melsvai \u017eali\u0105 spalv\u0105, kuri \u0161iek tiek blunka kylant degimo temperat\u016brai.","_links":{"self":[{"href":"https:\/\/muandukeramika.lt\/en\/wp-json\/wp\/v2\/product\/5607","targetHints":{"allow":["GET"]}}],"collection":[{"href":"https:\/\/muandukeramika.lt\/en\/wp-json\/wp\/v2\/product"}],"about":[{"href":"https:\/\/muandukeramika.lt\/en\/wp-json\/wp\/v2\/types\/product"}],"replies":[{"embeddable":true,"href":"https:\/\/muandukeramika.lt\/en\/wp-json\/wp\/v2\/comments?post=5607"}],"wp:featuredmedia":[{"embeddable":true,"href":"https:\/\/muandukeramika.lt\/en\/wp-json\/wp\/v2\/media\/3753"}],"wp:attachment":[{"href":"https:\/\/muandukeramika.lt\/en\/wp-json\/wp\/v2\/media?parent=5607"}],"wp:term":[{"taxonomy":"product_brand","embeddable":true,"href":"https:\/\/muandukeramika.lt\/en\/wp-json\/wp\/v2\/product_brand?post=5607"},{"taxonomy":"product_cat","embeddable":true,"href":"https:\/\/muandukeramika.lt\/en\/wp-json\/wp\/v2\/product_cat?post=5607"},{"taxonomy":"product_tag","embeddable":true,"href":"https:\/\/muandukeramika.lt\/en\/wp-json\/wp\/v2\/product_tag?post=5607"}],"curies":[{"name":"wp","href":"https:\/\/api.w.org\/{rel}","templated":true}]}}