{"id":5430,"date":"2025-10-20T15:28:17","date_gmt":"2025-10-20T12:28:17","guid":{"rendered":"https:\/\/muandukeramika.lt\/?page_id=5430"},"modified":"2025-10-20T15:28:19","modified_gmt":"2025-10-20T12:28:19","slug":"mayco-elements-glazuru-kombinacijos","status":"publish","type":"page","link":"https:\/\/muandukeramika.lt\/en\/mayco-elements-glazuru-kombinacijos\/","title":{"rendered":"Mayco Elements glaze combinations"},"content":{"rendered":"<form role=\"search\" method=\"get\" action=\"https:\/\/muandukeramika.lt\/en\/\" class=\"wp-block-search__button-outside wp-block-search__text-button wp-block-search\" data-trp-original-action=\"https:\/\/muandukeramika.lt\/en\/\"    ><label class=\"wp-block-search__label\" for=\"wp-block-search__input-1\" >Ie\u0161kokite glaz\u016br\u0173 kombinacijos<\/label><div class=\"wp-block-search__inside-wrapper\" ><input class=\"wp-block-search__input\" id=\"wp-block-search__input-1\" placeholder=\"\u012era\u0161ykite glaz\u016bros kod\u0105:\" value=\"\" type=\"search\" name=\"s\" required \/><button aria-label=\"Paie\u0161ka\" class=\"wp-block-search__button wp-element-button\" type=\"submit\" >Paie\u0161ka<\/button><\/div><input type=\"hidden\" name=\"trp-form-language\" value=\"en\"\/><\/form>\n\n\n<hr class=\"wp-block-separator has-alpha-channel-opacity is-style-wide\"\/>\n\n\n\n\t\t\t<div class=\"wp-block-uagb-post-grid uagb-post-grid  uagb-post__image-position-top uagb-post__image-enabled uagb-block-4c6af6a9     uagb-post__items uagb-post__columns-3 is-grid uagb-post__columns-tablet-2 uagb-post__columns-mobile-1 uagb-post__equal-height\" data-total=\"4\" style=\"\">\n\n\t\t\t\t\t\t\t\t\t\t\t\t<article class=\"uagb-post__inner-wrap\">\t\t\t\t\t\t\t\t<div class='uagb-post__image'>\n\t\t\t\t\t\t\t\t\t<a href=\"https:\/\/muandukeramika.lt\/en\/mayco-el-101-kombinacijos\/\" target=\"_self\" rel=\"bookmark noopener noreferrer\" class='uagb-image-ratio-inherit'><img loading=\"lazy\" decoding=\"async\" width=\"300\" height=\"300\" src=\"https:\/\/muandukeramika.lt\/wp-content\/uploads\/2025\/06\/MUANDUKERAMIKA-Mayco-glazura-el-101-1-300x300.jpg\" class=\"attachment-medium size-medium\" alt=\"\" srcset=\"https:\/\/muandukeramika.lt\/wp-content\/uploads\/2025\/06\/MUANDUKERAMIKA-Mayco-glazura-el-101-1-300x300.jpg 300w, https:\/\/muandukeramika.lt\/wp-content\/uploads\/2025\/06\/MUANDUKERAMIKA-Mayco-glazura-el-101-1-150x150.jpg 150w, https:\/\/muandukeramika.lt\/wp-content\/uploads\/2025\/06\/MUANDUKERAMIKA-Mayco-glazura-el-101-1-600x600.jpg 600w, https:\/\/muandukeramika.lt\/wp-content\/uploads\/2025\/06\/MUANDUKERAMIKA-Mayco-glazura-el-101-1-100x100.jpg 100w, https:\/\/muandukeramika.lt\/wp-content\/uploads\/2025\/06\/MUANDUKERAMIKA-Mayco-glazura-el-101-1.jpg 633w\" sizes=\"auto, (max-width: 300px) 100vw, 300px\" \/>\t\t\t\t\t<\/a>\n\t\t\t\t\t\t\t<\/div>\n\t\t\t\t\t\t<h4 class=\"uagb-post__title uagb-post__text\">\n\t\t\t\t<a href=\"https:\/\/muandukeramika.lt\/en\/mayco-el-101-kombinacijos\/\" target=\"_self\" rel=\"bookmark noopener noreferrer\">Mayco EL-101 kombinacijos<\/a>\n\t\t\t<\/h4>\n\t\t\t\t\t\t<div class='uagb-post__text uagb-post-grid-byline'>\n\t\t\t\t\t\t\t<\/div>\n\t\t\t\t\t\t\t<div class='uagb-post__text uagb-post__excerpt'>\n\t\t\t\t\t<p>Susipa\u017einkite su Mayco EL-101 ir jos kombinacijomis su kitomis Mayco glaz\u016bromis! 2021-01_Combo_EL101_OysterShell-MuandukeramikaParsisi\u0173sti<\/p>\n\t\t\t\t<\/div>\n\t\t\t\t\t\t<div class=\"uagb-post__text uagb-post__cta wp-block-button\">\n\t\t\t\t<a class=\"wp-block-button__link uagb-text-link\" style=\"\" href=\"https:\/\/muandukeramika.lt\/en\/mayco-el-101-kombinacijos\/\" target=\"_self\" rel=\"bookmark noopener noreferrer\">Find your favourite combo<\/a>\n\t\t\t<\/div>\n\t\t\t\n\t\t\t\t\t\t\t\t\t<\/article>\n\t\t\t\t\t\t\t\t\t\t\t\t\t\t\t\t<article class=\"uagb-post__inner-wrap\">\t\t\t\t\t\t\t\t<div class='uagb-post__image'>\n\t\t\t\t\t\t\t\t\t<a href=\"https:\/\/muandukeramika.lt\/en\/mayco-el-103-kombinacijos\/\" target=\"_self\" rel=\"bookmark noopener noreferrer\" class='uagb-image-ratio-inherit'><img loading=\"lazy\" decoding=\"async\" width=\"300\" height=\"300\" src=\"https:\/\/muandukeramika.lt\/wp-content\/uploads\/2025\/06\/MUANDUKERAMIKA-Mayco-glazura-el-103-1-300x300.jpg\" class=\"attachment-medium size-medium\" alt=\"\" srcset=\"https:\/\/muandukeramika.lt\/wp-content\/uploads\/2025\/06\/MUANDUKERAMIKA-Mayco-glazura-el-103-1-300x300.jpg 300w, https:\/\/muandukeramika.lt\/wp-content\/uploads\/2025\/06\/MUANDUKERAMIKA-Mayco-glazura-el-103-1-150x150.jpg 150w, https:\/\/muandukeramika.lt\/wp-content\/uploads\/2025\/06\/MUANDUKERAMIKA-Mayco-glazura-el-103-1-600x600.jpg 600w, https:\/\/muandukeramika.lt\/wp-content\/uploads\/2025\/06\/MUANDUKERAMIKA-Mayco-glazura-el-103-1-100x100.jpg 100w, https:\/\/muandukeramika.lt\/wp-content\/uploads\/2025\/06\/MUANDUKERAMIKA-Mayco-glazura-el-103-1.jpg 633w\" sizes=\"auto, (max-width: 300px) 100vw, 300px\" \/>\t\t\t\t\t<\/a>\n\t\t\t\t\t\t\t<\/div>\n\t\t\t\t\t\t<h4 class=\"uagb-post__title uagb-post__text\">\n\t\t\t\t<a href=\"https:\/\/muandukeramika.lt\/en\/mayco-el-103-kombinacijos\/\" target=\"_self\" rel=\"bookmark noopener noreferrer\">Mayco EL-103 kombinacijos<\/a>\n\t\t\t<\/h4>\n\t\t\t\t\t\t<div class='uagb-post__text uagb-post-grid-byline'>\n\t\t\t\t\t\t\t<\/div>\n\t\t\t\t\t\t\t<div class='uagb-post__text uagb-post__excerpt'>\n\t\t\t\t\t<p>Susipa\u017einkite su Mayco EL-103 ir jos kombinacijomis su kitomis Mayco glaz\u016bromis! 2021-02_Combo_EL103_SeaSpray-MuandukeramikaParsisi\u0173sti<\/p>\n\t\t\t\t<\/div>\n\t\t\t\t\t\t<div class=\"uagb-post__text uagb-post__cta wp-block-button\">\n\t\t\t\t<a class=\"wp-block-button__link uagb-text-link\" style=\"\" href=\"https:\/\/muandukeramika.lt\/en\/mayco-el-103-kombinacijos\/\" target=\"_self\" rel=\"bookmark noopener noreferrer\">Find your favourite combo<\/a>\n\t\t\t<\/div>\n\t\t\t\n\t\t\t\t\t\t\t\t\t<\/article>\n\t\t\t\t\t\t\t\t\t\t\t\t\t\t\t\t<article class=\"uagb-post__inner-wrap\">\t\t\t\t\t\t\t\t<div class='uagb-post__image'>\n\t\t\t\t\t\t\t\t\t<a href=\"https:\/\/muandukeramika.lt\/en\/mayco-el-106-kombinacijos\/\" target=\"_self\" rel=\"bookmark noopener noreferrer\" class='uagb-image-ratio-inherit'><img loading=\"lazy\" decoding=\"async\" width=\"300\" height=\"300\" src=\"https:\/\/muandukeramika.lt\/wp-content\/uploads\/2025\/06\/MUANDUKERAMIKA-Mayco-glazura-el-106-1-300x300.jpg\" class=\"attachment-medium size-medium\" alt=\"\" srcset=\"https:\/\/muandukeramika.lt\/wp-content\/uploads\/2025\/06\/MUANDUKERAMIKA-Mayco-glazura-el-106-1-300x300.jpg 300w, https:\/\/muandukeramika.lt\/wp-content\/uploads\/2025\/06\/MUANDUKERAMIKA-Mayco-glazura-el-106-1-150x150.jpg 150w, https:\/\/muandukeramika.lt\/wp-content\/uploads\/2025\/06\/MUANDUKERAMIKA-Mayco-glazura-el-106-1-600x600.jpg 600w, https:\/\/muandukeramika.lt\/wp-content\/uploads\/2025\/06\/MUANDUKERAMIKA-Mayco-glazura-el-106-1-100x100.jpg 100w, https:\/\/muandukeramika.lt\/wp-content\/uploads\/2025\/06\/MUANDUKERAMIKA-Mayco-glazura-el-106-1.jpg 633w\" sizes=\"auto, (max-width: 300px) 100vw, 300px\" \/>\t\t\t\t\t<\/a>\n\t\t\t\t\t\t\t<\/div>\n\t\t\t\t\t\t<h4 class=\"uagb-post__title uagb-post__text\">\n\t\t\t\t<a href=\"https:\/\/muandukeramika.lt\/en\/mayco-el-106-kombinacijos\/\" target=\"_self\" rel=\"bookmark noopener noreferrer\">Mayco EL-106 kombinacijos<\/a>\n\t\t\t<\/h4>\n\t\t\t\t\t\t<div class='uagb-post__text uagb-post-grid-byline'>\n\t\t\t\t\t\t\t<\/div>\n\t\t\t\t\t\t\t<div class='uagb-post__text uagb-post__excerpt'>\n\t\t\t\t\t<p>Susipa\u017einkite su Mayco EL-106 ir jos kombinacijomis su kitomis Mayco glaz\u016bromis! 2021-03_Combo_EL106_TidalPool-MuandukeramikaParsisi\u0173sti<\/p>\n\t\t\t\t<\/div>\n\t\t\t\t\t\t<div class=\"uagb-post__text uagb-post__cta wp-block-button\">\n\t\t\t\t<a class=\"wp-block-button__link uagb-text-link\" style=\"\" href=\"https:\/\/muandukeramika.lt\/en\/mayco-el-106-kombinacijos\/\" target=\"_self\" rel=\"bookmark noopener noreferrer\">Find your favourite combo<\/a>\n\t\t\t<\/div>\n\t\t\t\n\t\t\t\t\t\t\t\t\t<\/article>\n\t\t\t\t\t\t\t\t\t\t\t\t\t\t\t\t<article class=\"uagb-post__inner-wrap\">\t\t\t\t\t\t\t\t<div class='uagb-post__image'>\n\t\t\t\t\t\t\t\t\t<a href=\"https:\/\/muandukeramika.lt\/en\/mayco-el-107-kombinacijos\/\" target=\"_self\" rel=\"bookmark noopener noreferrer\" class='uagb-image-ratio-inherit'><img loading=\"lazy\" decoding=\"async\" width=\"300\" height=\"300\" src=\"https:\/\/muandukeramika.lt\/wp-content\/uploads\/2025\/06\/MUANDUKERAMIKA-Mayco-glazura-el-107-1-300x300.jpg\" class=\"attachment-medium size-medium\" alt=\"\" srcset=\"https:\/\/muandukeramika.lt\/wp-content\/uploads\/2025\/06\/MUANDUKERAMIKA-Mayco-glazura-el-107-1-300x300.jpg 300w, https:\/\/muandukeramika.lt\/wp-content\/uploads\/2025\/06\/MUANDUKERAMIKA-Mayco-glazura-el-107-1-150x150.jpg 150w, https:\/\/muandukeramika.lt\/wp-content\/uploads\/2025\/06\/MUANDUKERAMIKA-Mayco-glazura-el-107-1-600x600.jpg 600w, https:\/\/muandukeramika.lt\/wp-content\/uploads\/2025\/06\/MUANDUKERAMIKA-Mayco-glazura-el-107-1-100x100.jpg 100w, https:\/\/muandukeramika.lt\/wp-content\/uploads\/2025\/06\/MUANDUKERAMIKA-Mayco-glazura-el-107-1.jpg 633w\" sizes=\"auto, (max-width: 300px) 100vw, 300px\" \/>\t\t\t\t\t<\/a>\n\t\t\t\t\t\t\t<\/div>\n\t\t\t\t\t\t<h4 class=\"uagb-post__title uagb-post__text\">\n\t\t\t\t<a href=\"https:\/\/muandukeramika.lt\/en\/mayco-el-107-kombinacijos\/\" target=\"_self\" rel=\"bookmark noopener noreferrer\">Mayco EL-107 kombinacijos<\/a>\n\t\t\t<\/h4>\n\t\t\t\t\t\t<div class='uagb-post__text uagb-post-grid-byline'>\n\t\t\t\t\t\t\t<\/div>\n\t\t\t\t\t\t\t<div class='uagb-post__text uagb-post__excerpt'>\n\t\t\t\t\t<p>Susipa\u017einkite su Mayco EL-107 ir jos kombinacijomis su kitomis Mayco glaz\u016bromis! 2021-04_Combo_EL107_AmberAsh-MuandukeramikaParsisi\u0173sti<\/p>\n\t\t\t\t<\/div>\n\t\t\t\t\t\t<div class=\"uagb-post__text uagb-post__cta wp-block-button\">\n\t\t\t\t<a class=\"wp-block-button__link uagb-text-link\" style=\"\" href=\"https:\/\/muandukeramika.lt\/en\/mayco-el-107-kombinacijos\/\" target=\"_self\" rel=\"bookmark noopener noreferrer\">Find your favourite combo<\/a>\n\t\t\t<\/div>\n\t\t\t\n\t\t\t\t\t\t\t\t\t<\/article>\n\t\t\t\t\t\t\t\t\t\t\t\t\t\t\t\t<article class=\"uagb-post__inner-wrap\">\t\t\t\t\t\t\t\t<div class='uagb-post__image'>\n\t\t\t\t\t\t\t\t\t<a href=\"https:\/\/muandukeramika.lt\/en\/mayco-el-110-kombinacijos\/\" target=\"_self\" rel=\"bookmark noopener noreferrer\" class='uagb-image-ratio-inherit'><img loading=\"lazy\" decoding=\"async\" width=\"300\" height=\"300\" src=\"https:\/\/muandukeramika.lt\/wp-content\/uploads\/2025\/06\/MUANDUKERAMIKA-Mayco-glazura-el-110-1-300x300.jpg\" class=\"attachment-medium size-medium\" alt=\"\" srcset=\"https:\/\/muandukeramika.lt\/wp-content\/uploads\/2025\/06\/MUANDUKERAMIKA-Mayco-glazura-el-110-1-300x300.jpg 300w, https:\/\/muandukeramika.lt\/wp-content\/uploads\/2025\/06\/MUANDUKERAMIKA-Mayco-glazura-el-110-1-150x150.jpg 150w, https:\/\/muandukeramika.lt\/wp-content\/uploads\/2025\/06\/MUANDUKERAMIKA-Mayco-glazura-el-110-1-600x600.jpg 600w, https:\/\/muandukeramika.lt\/wp-content\/uploads\/2025\/06\/MUANDUKERAMIKA-Mayco-glazura-el-110-1-100x100.jpg 100w, https:\/\/muandukeramika.lt\/wp-content\/uploads\/2025\/06\/MUANDUKERAMIKA-Mayco-glazura-el-110-1.jpg 633w\" sizes=\"auto, (max-width: 300px) 100vw, 300px\" \/>\t\t\t\t\t<\/a>\n\t\t\t\t\t\t\t<\/div>\n\t\t\t\t\t\t<h4 class=\"uagb-post__title uagb-post__text\">\n\t\t\t\t<a href=\"https:\/\/muandukeramika.lt\/en\/mayco-el-110-kombinacijos\/\" target=\"_self\" rel=\"bookmark noopener noreferrer\">Mayco EL-110 kombinacijos<\/a>\n\t\t\t<\/h4>\n\t\t\t\t\t\t<div class='uagb-post__text uagb-post-grid-byline'>\n\t\t\t\t\t\t\t<\/div>\n\t\t\t\t\t\t\t<div class='uagb-post__text uagb-post__excerpt'>\n\t\t\t\t\t<p>Susipa\u017einkite su Mayco EL-110 ir jos kombinacijomis su kitomis Mayco glaz\u016bromis! 2021-05_Combo_EL110_Mudslide-MuandukeramikaParsisi\u0173sti<\/p>\n\t\t\t\t<\/div>\n\t\t\t\t\t\t<div class=\"uagb-post__text uagb-post__cta wp-block-button\">\n\t\t\t\t<a class=\"wp-block-button__link uagb-text-link\" style=\"\" href=\"https:\/\/muandukeramika.lt\/en\/mayco-el-110-kombinacijos\/\" target=\"_self\" rel=\"bookmark noopener noreferrer\">Find your favourite combo<\/a>\n\t\t\t<\/div>\n\t\t\t\n\t\t\t\t\t\t\t\t\t<\/article>\n\t\t\t\t\t\t\t\t\t\t\t\t\t\t\t\t<article class=\"uagb-post__inner-wrap\">\t\t\t\t\t\t\t\t<div class='uagb-post__image'>\n\t\t\t\t\t\t\t\t\t<a href=\"https:\/\/muandukeramika.lt\/en\/mayco-el-113-kombinacijos\/\" target=\"_self\" rel=\"bookmark noopener noreferrer\" class='uagb-image-ratio-inherit'><img loading=\"lazy\" decoding=\"async\" width=\"300\" height=\"300\" src=\"https:\/\/muandukeramika.lt\/wp-content\/uploads\/2025\/06\/MUANDUKERAMIKA-Mayco-glazura-el-113-1-300x300.jpg\" class=\"attachment-medium size-medium\" alt=\"\" srcset=\"https:\/\/muandukeramika.lt\/wp-content\/uploads\/2025\/06\/MUANDUKERAMIKA-Mayco-glazura-el-113-1-300x300.jpg 300w, https:\/\/muandukeramika.lt\/wp-content\/uploads\/2025\/06\/MUANDUKERAMIKA-Mayco-glazura-el-113-1-150x150.jpg 150w, https:\/\/muandukeramika.lt\/wp-content\/uploads\/2025\/06\/MUANDUKERAMIKA-Mayco-glazura-el-113-1-600x600.jpg 600w, https:\/\/muandukeramika.lt\/wp-content\/uploads\/2025\/06\/MUANDUKERAMIKA-Mayco-glazura-el-113-1-100x100.jpg 100w, https:\/\/muandukeramika.lt\/wp-content\/uploads\/2025\/06\/MUANDUKERAMIKA-Mayco-glazura-el-113-1.jpg 633w\" sizes=\"auto, (max-width: 300px) 100vw, 300px\" \/>\t\t\t\t\t<\/a>\n\t\t\t\t\t\t\t<\/div>\n\t\t\t\t\t\t<h4 class=\"uagb-post__title uagb-post__text\">\n\t\t\t\t<a href=\"https:\/\/muandukeramika.lt\/en\/mayco-el-113-kombinacijos\/\" target=\"_self\" rel=\"bookmark noopener noreferrer\">Mayco EL-113 kombinacijos<\/a>\n\t\t\t<\/h4>\n\t\t\t\t\t\t<div class='uagb-post__text uagb-post-grid-byline'>\n\t\t\t\t\t\t\t<\/div>\n\t\t\t\t\t\t\t<div class='uagb-post__text uagb-post__excerpt'>\n\t\t\t\t\t<p>Susipa\u017einkite su Mayco EL-113 ir jos kombinacijomis su kitomis Mayco glaz\u016bromis! 2021-06_Combo_EL113_SpanishMoss-MuandukeramikaParsisi\u0173sti<\/p>\n\t\t\t\t<\/div>\n\t\t\t\t\t\t<div class=\"uagb-post__text uagb-post__cta wp-block-button\">\n\t\t\t\t<a class=\"wp-block-button__link uagb-text-link\" style=\"\" href=\"https:\/\/muandukeramika.lt\/en\/mayco-el-113-kombinacijos\/\" target=\"_self\" rel=\"bookmark noopener noreferrer\">Find your favourite combo<\/a>\n\t\t\t<\/div>\n\t\t\t\n\t\t\t\t\t\t\t\t\t<\/article>\n\t\t\t\t\t\t\t\t\t\t\t\t\t\t\t\t<article class=\"uagb-post__inner-wrap\">\t\t\t\t\t\t\t\t<div class='uagb-post__image'>\n\t\t\t\t\t\t\t\t\t<a href=\"https:\/\/muandukeramika.lt\/en\/mayco-el-117-kombinacijos\/\" target=\"_self\" rel=\"bookmark noopener noreferrer\" class='uagb-image-ratio-inherit'><img loading=\"lazy\" decoding=\"async\" width=\"300\" height=\"300\" src=\"https:\/\/muandukeramika.lt\/wp-content\/uploads\/2025\/06\/MUANDUKERAMIKA-Mayco-glazura-el-117-1-300x300.jpg\" class=\"attachment-medium size-medium\" alt=\"\" srcset=\"https:\/\/muandukeramika.lt\/wp-content\/uploads\/2025\/06\/MUANDUKERAMIKA-Mayco-glazura-el-117-1-300x300.jpg 300w, https:\/\/muandukeramika.lt\/wp-content\/uploads\/2025\/06\/MUANDUKERAMIKA-Mayco-glazura-el-117-1-150x150.jpg 150w, https:\/\/muandukeramika.lt\/wp-content\/uploads\/2025\/06\/MUANDUKERAMIKA-Mayco-glazura-el-117-1-600x600.jpg 600w, https:\/\/muandukeramika.lt\/wp-content\/uploads\/2025\/06\/MUANDUKERAMIKA-Mayco-glazura-el-117-1-100x100.jpg 100w, https:\/\/muandukeramika.lt\/wp-content\/uploads\/2025\/06\/MUANDUKERAMIKA-Mayco-glazura-el-117-1.jpg 633w\" sizes=\"auto, (max-width: 300px) 100vw, 300px\" \/>\t\t\t\t\t<\/a>\n\t\t\t\t\t\t\t<\/div>\n\t\t\t\t\t\t<h4 class=\"uagb-post__title uagb-post__text\">\n\t\t\t\t<a href=\"https:\/\/muandukeramika.lt\/en\/mayco-el-117-kombinacijos\/\" target=\"_self\" rel=\"bookmark noopener noreferrer\">Mayco EL-117 kombinacijos<\/a>\n\t\t\t<\/h4>\n\t\t\t\t\t\t<div class='uagb-post__text uagb-post-grid-byline'>\n\t\t\t\t\t\t\t<\/div>\n\t\t\t\t\t\t\t<div class='uagb-post__text uagb-post__excerpt'>\n\t\t\t\t\t<p>Susipa\u017einkite su Mayco EL-117 ir jos kombinacijomis su kitomis Mayco glaz\u016bromis! 2021-06_Combo_EL117_Waterfall-MuandukeramikaParsisi\u0173sti<\/p>\n\t\t\t\t<\/div>\n\t\t\t\t\t\t<div class=\"uagb-post__text uagb-post__cta wp-block-button\">\n\t\t\t\t<a class=\"wp-block-button__link uagb-text-link\" style=\"\" href=\"https:\/\/muandukeramika.lt\/en\/mayco-el-117-kombinacijos\/\" target=\"_self\" rel=\"bookmark noopener noreferrer\">Find your favourite combo<\/a>\n\t\t\t<\/div>\n\t\t\t\n\t\t\t\t\t\t\t\t\t<\/article>\n\t\t\t\t\t\t\t\t\t\t\t\t\t\t\t\t<article class=\"uagb-post__inner-wrap\">\t\t\t\t\t\t\t\t<div class='uagb-post__image'>\n\t\t\t\t\t\t\t\t\t<a href=\"https:\/\/muandukeramika.lt\/en\/mayco-el-118-kombinacijos\/\" target=\"_self\" rel=\"bookmark noopener noreferrer\" class='uagb-image-ratio-inherit'><img loading=\"lazy\" decoding=\"async\" width=\"300\" height=\"300\" src=\"https:\/\/muandukeramika.lt\/wp-content\/uploads\/2025\/06\/MUANDUKERAMIKA-Mayco-glazura-el-118-1-300x300.jpg\" class=\"attachment-medium size-medium\" alt=\"\" srcset=\"https:\/\/muandukeramika.lt\/wp-content\/uploads\/2025\/06\/MUANDUKERAMIKA-Mayco-glazura-el-118-1-300x300.jpg 300w, https:\/\/muandukeramika.lt\/wp-content\/uploads\/2025\/06\/MUANDUKERAMIKA-Mayco-glazura-el-118-1-150x150.jpg 150w, https:\/\/muandukeramika.lt\/wp-content\/uploads\/2025\/06\/MUANDUKERAMIKA-Mayco-glazura-el-118-1-600x600.jpg 600w, https:\/\/muandukeramika.lt\/wp-content\/uploads\/2025\/06\/MUANDUKERAMIKA-Mayco-glazura-el-118-1-100x100.jpg 100w, https:\/\/muandukeramika.lt\/wp-content\/uploads\/2025\/06\/MUANDUKERAMIKA-Mayco-glazura-el-118-1.jpg 633w\" sizes=\"auto, (max-width: 300px) 100vw, 300px\" \/>\t\t\t\t\t<\/a>\n\t\t\t\t\t\t\t<\/div>\n\t\t\t\t\t\t<h4 class=\"uagb-post__title uagb-post__text\">\n\t\t\t\t<a href=\"https:\/\/muandukeramika.lt\/en\/mayco-el-118-kombinacijos\/\" target=\"_self\" rel=\"bookmark noopener noreferrer\">Mayco EL-118 kombinacijos<\/a>\n\t\t\t<\/h4>\n\t\t\t\t\t\t<div class='uagb-post__text uagb-post-grid-byline'>\n\t\t\t\t\t\t\t<\/div>\n\t\t\t\t\t\t\t<div class='uagb-post__text uagb-post__excerpt'>\n\t\t\t\t\t<p>Susipa\u017einkite su Mayco EL-118 ir jos kombinacijomis su kitomis Mayco glaz\u016bromis! 2021-07_Combo_EL118_BlueGrotto-MuandukeramikaParsisi\u0173sti<\/p>\n\t\t\t\t<\/div>\n\t\t\t\t\t\t<div class=\"uagb-post__text uagb-post__cta wp-block-button\">\n\t\t\t\t<a class=\"wp-block-button__link uagb-text-link\" style=\"\" href=\"https:\/\/muandukeramika.lt\/en\/mayco-el-118-kombinacijos\/\" target=\"_self\" rel=\"bookmark noopener noreferrer\">Find your favourite combo<\/a>\n\t\t\t<\/div>\n\t\t\t\n\t\t\t\t\t\t\t\t\t<\/article>\n\t\t\t\t\t\t\t\t\t\t\t\t\t\t\t\t<article class=\"uagb-post__inner-wrap\">\t\t\t\t\t\t\t\t<div class='uagb-post__image'>\n\t\t\t\t\t\t\t\t\t<a href=\"https:\/\/muandukeramika.lt\/en\/mayco-el-119-kombinacijos\/\" target=\"_self\" rel=\"bookmark noopener noreferrer\" class='uagb-image-ratio-inherit'><img loading=\"lazy\" decoding=\"async\" width=\"300\" height=\"300\" src=\"https:\/\/muandukeramika.lt\/wp-content\/uploads\/2025\/06\/MUANDUKERAMIKA-Mayco-glazura-el-119-1-300x300.jpg\" class=\"attachment-medium size-medium\" alt=\"\" srcset=\"https:\/\/muandukeramika.lt\/wp-content\/uploads\/2025\/06\/MUANDUKERAMIKA-Mayco-glazura-el-119-1-300x300.jpg 300w, https:\/\/muandukeramika.lt\/wp-content\/uploads\/2025\/06\/MUANDUKERAMIKA-Mayco-glazura-el-119-1-150x150.jpg 150w, https:\/\/muandukeramika.lt\/wp-content\/uploads\/2025\/06\/MUANDUKERAMIKA-Mayco-glazura-el-119-1-600x600.jpg 600w, https:\/\/muandukeramika.lt\/wp-content\/uploads\/2025\/06\/MUANDUKERAMIKA-Mayco-glazura-el-119-1-100x100.jpg 100w, https:\/\/muandukeramika.lt\/wp-content\/uploads\/2025\/06\/MUANDUKERAMIKA-Mayco-glazura-el-119-1.jpg 633w\" sizes=\"auto, (max-width: 300px) 100vw, 300px\" \/>\t\t\t\t\t<\/a>\n\t\t\t\t\t\t\t<\/div>\n\t\t\t\t\t\t<h4 class=\"uagb-post__title uagb-post__text\">\n\t\t\t\t<a href=\"https:\/\/muandukeramika.lt\/en\/mayco-el-119-kombinacijos\/\" target=\"_self\" rel=\"bookmark noopener noreferrer\">Mayco EL-119 kombinacijos<\/a>\n\t\t\t<\/h4>\n\t\t\t\t\t\t<div class='uagb-post__text uagb-post-grid-byline'>\n\t\t\t\t\t\t\t<\/div>\n\t\t\t\t\t\t\t<div class='uagb-post__text uagb-post__excerpt'>\n\t\t\t\t\t<p>Susipa\u017einkite su Mayco EL-119 ir jos kombinacijomis su kitomis Mayco glaz\u016bromis! 2021-09_Combo_EL119_BurnishedSteel-MuandukeramikaParsisi\u0173sti<\/p>\n\t\t\t\t<\/div>\n\t\t\t\t\t\t<div class=\"uagb-post__text uagb-post__cta wp-block-button\">\n\t\t\t\t<a class=\"wp-block-button__link uagb-text-link\" style=\"\" href=\"https:\/\/muandukeramika.lt\/en\/mayco-el-119-kombinacijos\/\" target=\"_self\" rel=\"bookmark noopener noreferrer\">Find your favourite combo<\/a>\n\t\t\t<\/div>\n\t\t\t\n\t\t\t\t\t\t\t\t\t<\/article>\n\t\t\t\t\t\t\t\t\t\t\t\t\t<div class=\"uagb-post-pagination-wrap\">\n\t\t\t\t\t\t<span aria-current=\"page\" class=\"page-numbers current\">1<\/span>\n<a class=\"page-numbers\" href=\"https:\/\/muandukeramika.lt\/en\/wp-json\/wp\/v2\/pages\/5430\/page\/2\/\">2<\/a>\n<a class=\"page-numbers\" href=\"https:\/\/muandukeramika.lt\/en\/wp-json\/wp\/v2\/pages\/5430\/page\/3\/\">3<\/a>\n<a class=\"page-numbers\" href=\"https:\/\/muandukeramika.lt\/en\/wp-json\/wp\/v2\/pages\/5430\/page\/4\/\">4<\/a>\n<a class=\"next page-numbers\" href=\"https:\/\/muandukeramika.lt\/en\/wp-json\/wp\/v2\/pages\/5430\/page\/2\/\">Kitas \u00bb<\/a>\t\t\t\t\t<\/div>\n\t\t\t\t\t\t\t\t<\/div>\n\t\t\t\n\n\n<p><\/p>","protected":false},"excerpt":{"rendered":"","protected":false},"author":2,"featured_media":0,"parent":0,"menu_order":0,"comment_status":"closed","ping_status":"closed","template":"","meta":{"_uag_custom_page_level_css":"","site-sidebar-layout":"default","site-content-layout":"","ast-site-content-layout":"default","site-content-style":"default","site-sidebar-style":"default","ast-global-header-display":"","ast-banner-title-visibility":"","ast-main-header-display":"","ast-hfb-above-header-display":"","ast-hfb-below-header-display":"","ast-hfb-mobile-header-display":"","site-post-title":"","ast-breadcrumbs-content":"","ast-featured-img":"","footer-sml-layout":"","ast-disable-related-posts":"","theme-transparent-header-meta":"","adv-header-id-meta":"","stick-header-meta":"","header-above-stick-meta":"","header-main-stick-meta":"","header-below-stick-meta":"","astra-migrate-meta-layouts":"set","ast-page-background-enabled":"default","ast-page-background-meta":{"desktop":{"background-color":"var(--ast-global-color-4)","background-image":"","background-repeat":"repeat","background-position":"center center","background-size":"auto","background-attachment":"scroll","background-type":"","background-media":"","overlay-type":"","overlay-color":"","overlay-opacity":"","overlay-gradient":""},"tablet":{"background-color":"","background-image":"","background-repeat":"repeat","background-position":"center center","background-size":"auto","background-attachment":"scroll","background-type":"","background-media":"","overlay-type":"","overlay-color":"","overlay-opacity":"","overlay-gradient":""},"mobile":{"background-color":"","background-image":"","background-repeat":"repeat","background-position":"center center","background-size":"auto","background-attachment":"scroll","background-type":"","background-media":"","overlay-type":"","overlay-color":"","overlay-opacity":"","overlay-gradient":""}},"ast-content-background-meta":{"desktop":{"background-color":"var(--ast-global-color-5)","background-image":"","background-repeat":"repeat","background-position":"center center","background-size":"auto","background-attachment":"scroll","background-type":"","background-media":"","overlay-type":"","overlay-color":"","overlay-opacity":"","overlay-gradient":""},"tablet":{"background-color":"var(--ast-global-color-5)","background-image":"","background-repeat":"repeat","background-position":"center center","background-size":"auto","background-attachment":"scroll","background-type":"","background-media":"","overlay-type":"","overlay-color":"","overlay-opacity":"","overlay-gradient":""},"mobile":{"background-color":"var(--ast-global-color-5)","background-image":"","background-repeat":"repeat","background-position":"center center","background-size":"auto","background-attachment":"scroll","background-type":"","background-media":"","overlay-type":"","overlay-color":"","overlay-opacity":"","overlay-gradient":""}},"footnotes":""},"class_list":["post-5430","page","type-page","status-publish","hentry"],"aioseo_notices":[],"uagb_featured_image_src":{"full":false,"thumbnail":false,"medium":false,"medium_large":false,"large":false,"1536x1536":false,"2048x2048":false,"trp-custom-language-flag":false,"woocommerce_thumbnail":false,"woocommerce_single":false,"woocommerce_gallery_thumbnail":false,"dgwt-wcas-product-suggestion":false},"uagb_author_info":{"display_name":"Mykolas","author_link":"https:\/\/muandukeramika.lt\/en\/author\/mykolas\/"},"uagb_comment_info":0,"uagb_excerpt":null,"_links":{"self":[{"href":"https:\/\/muandukeramika.lt\/en\/wp-json\/wp\/v2\/pages\/5430","targetHints":{"allow":["GET"]}}],"collection":[{"href":"https:\/\/muandukeramika.lt\/en\/wp-json\/wp\/v2\/pages"}],"about":[{"href":"https:\/\/muandukeramika.lt\/en\/wp-json\/wp\/v2\/types\/page"}],"author":[{"embeddable":true,"href":"https:\/\/muandukeramika.lt\/en\/wp-json\/wp\/v2\/users\/2"}],"replies":[{"embeddable":true,"href":"https:\/\/muandukeramika.lt\/en\/wp-json\/wp\/v2\/comments?post=5430"}],"version-history":[{"count":1,"href":"https:\/\/muandukeramika.lt\/en\/wp-json\/wp\/v2\/pages\/5430\/revisions"}],"predecessor-version":[{"id":5431,"href":"https:\/\/muandukeramika.lt\/en\/wp-json\/wp\/v2\/pages\/5430\/revisions\/5431"}],"wp:attachment":[{"href":"https:\/\/muandukeramika.lt\/en\/wp-json\/wp\/v2\/media?parent=5430"}],"curies":[{"name":"wp","href":"https:\/\/api.w.org\/{rel}","templated":true}]}}